{"id":11,"date":"2026-03-17T08:24:36","date_gmt":"2026-03-17T08:24:36","guid":{"rendered":"https:\/\/wiki.dentalweb.cz\/?page_id=11"},"modified":"2026-03-17T10:57:13","modified_gmt":"2026-03-17T10:57:13","slug":"videoteka-pro-pacienty","status":"publish","type":"page","link":"https:\/\/wiki.dentalweb.cz\/?page_id=11","title":{"rendered":"Videot\u00e9ka pro pacienty"},"content":{"rendered":"\n<p>V\u00edtejte ve videot\u00e9ce dent\u00e1ln\u00ed hygieny. Najdete zde stru\u010dn\u00e1 a srozumiteln\u00e1 videa, kter\u00e1 v\u00e1m pomohou l\u00e9pe porozum\u011bt dom\u00e1c\u00ed p\u00e9\u010di, dent\u00e1ln\u00ed hygien\u011b v ordinaci i specifick\u00fdm situac\u00edm v \u00fastech.<\/p>\n\n\n\n<p><\/p>\n\n\n\n<p><\/p>\n\n\n\n<p class=\"has-medium-font-size\">Vyberte si oblast, kter\u00e1 v\u00e1s pr\u00e1v\u011b zaj\u00edm\u00e1:<\/p>\n\n\n\n<p><\/p>\n\n\n\n<div class=\"wp-block-columns is-layout-flex wp-container-core-columns-is-layout-28f84493 wp-block-columns-is-layout-flex\">\n<div class=\"wp-block-column is-vertically-aligned-stretch has-global-padding is-layout-constrained wp-container-core-column-is-layout-8946fdd1 wp-block-column-is-layout-constrained\" style=\"flex-basis:200px\">\n<div class=\"wp-block-columns is-layout-flex wp-container-core-columns-is-layout-28f84493 wp-block-columns-is-layout-flex\">\n<div class=\"wp-block-column is-layout-flow wp-block-column-is-layout-flow\">\n<h2 class=\"wp-block-heading has-medium-font-size\"><strong>Z\u00e1klady dom\u00e1c\u00ed p\u00e9\u010de<\/strong><\/h2>\n<\/div>\n<\/div>\n\n\n\n<p class=\"has-text-align-left has-small-font-size\">Z\u00e1kladn\u00ed videa pro ka\u017ed\u00e9ho pacienta \u2014 technika \u010di\u0161t\u011bn\u00ed, kaz, d\u00e1sn\u011b a rutina<\/p>\n\n\n\n<div class=\"wp-block-buttons is-vertical is-layout-flex wp-container-core-buttons-is-layout-fe9cc265 wp-block-buttons-is-layout-flex\">\n<div class=\"wp-block-button\"><a class=\"wp-block-button__link has-small-font-size has-custom-font-size wp-element-button\" href=\"https:\/\/wiki.dentalweb.cz\/?page_id=13\"><strong>Otev\u0159\u00edt playlist<\/strong><\/a><\/div>\n<\/div>\n<\/div>\n\n\n\n<div class=\"wp-block-column is-vertically-aligned-bottom is-style-default has-global-padding is-content-justification-center is-layout-constrained wp-container-core-column-is-layout-fe1e39be wp-block-column-is-layout-constrained\" style=\"flex-basis:200px\">\n<h2 class=\"wp-block-heading has-medium-font-size\"><strong>Mezizubn\u00ed hygiena            a pom\u016fcky<\/strong><\/h2>\n\n\n\n<p class=\"has-small-font-size\">Praktick\u00e1 videa o mezizubn\u00ed p\u00e9\u010di, nit\u00edch, kart\u00e1\u010dc\u00edch a dal\u0161\u00edch pom\u016fck\u00e1ch.                                      <\/p>\n\n\n\n<div class=\"wp-block-buttons is-layout-flex wp-block-buttons-is-layout-flex\">\n<div class=\"wp-block-button\"><a class=\"wp-block-button__link has-small-font-size has-custom-font-size wp-element-button\" href=\"https:\/\/wiki.dentalweb.cz\/?page_id=16\"><strong>Otev\u0159\u00edt playlist<\/strong><\/a><\/div>\n<\/div>\n<\/div>\n<\/div>\n\n\n\n<div class=\"wp-block-columns is-layout-flex wp-container-core-columns-is-layout-28f84493 wp-block-columns-is-layout-flex\">\n<div class=\"wp-block-column is-layout-flow wp-block-column-is-layout-flow\">\n<div class=\"wp-block-columns is-layout-flex wp-container-core-columns-is-layout-28f84493 wp-block-columns-is-layout-flex\">\n<div class=\"wp-block-column has-global-padding is-content-justification-center is-layout-constrained wp-container-core-column-is-layout-83783ca7 wp-block-column-is-layout-constrained\" style=\"flex-basis:200px\">\n<h2 class=\"wp-block-heading has-medium-font-size\"><strong>Dent\u00e1ln\u00ed hygiena v ordinaci<\/strong><\/h2>\n\n\n\n<p class=\"has-small-font-size\">Vysv\u011btlen\u00ed v\u00fdkon\u016f v ordinaci a doporu\u010den\u00ed po o\u0161et\u0159en\u00ed.<\/p>\n\n\n\n<div class=\"wp-block-buttons is-layout-flex wp-block-buttons-is-layout-flex\">\n<div class=\"wp-block-button\"><a class=\"wp-block-button__link has-small-font-size has-custom-font-size wp-element-button\" href=\"https:\/\/wiki.dentalweb.cz\/?page_id=18\"><strong>Otev\u0159\u00edt playlist<\/strong><\/a><\/div>\n<\/div>\n<\/div>\n\n\n\n<div class=\"wp-block-column has-global-padding is-layout-constrained wp-container-core-column-is-layout-8946fdd1 wp-block-column-is-layout-constrained\" style=\"flex-basis:200px\">\n<h2 class=\"wp-block-heading has-medium-font-size\"><strong>Kazy a z\u00e1n\u011bty d\u00e1sn\u00ed<\/strong><\/h2>\n\n\n\n<p class=\"has-small-font-size\">Jak probl\u00e9my vznikaj\u00ed, jak je poznat a co v dom\u00e1c\u00ed p\u00e9\u010di opravdu pom\u00e1h\u00e1.<\/p>\n\n\n\n<div class=\"wp-block-buttons is-layout-flex wp-block-buttons-is-layout-flex\">\n<div class=\"wp-block-button\"><a class=\"wp-block-button__link has-small-font-size has-custom-font-size wp-element-button\" href=\"https:\/\/wiki.dentalweb.cz\/?page_id=20\"><strong>Otev\u0159\u00edt playlist<\/strong><\/a><\/div>\n<\/div>\n<\/div>\n<\/div>\n<\/div>\n<\/div>\n\n\n\n<div class=\"wp-block-columns is-layout-flex wp-container-core-columns-is-layout-28f84493 wp-block-columns-is-layout-flex\">\n<div class=\"wp-block-column is-layout-flow wp-block-column-is-layout-flow\"><\/div>\n<\/div>\n\n\n\n<div class=\"wp-block-columns is-layout-flex wp-container-core-columns-is-layout-28f84493 wp-block-columns-is-layout-flex\">\n<div class=\"wp-block-column is-vertically-aligned-center has-global-padding is-layout-constrained wp-container-core-column-is-layout-398d4ecf wp-block-column-is-layout-constrained\" style=\"flex-basis:200px\">\n<h2 class=\"wp-block-heading has-medium-font-size\"><strong>Implant\u00e1ty, korunky a rovn\u00e1tka<\/strong><\/h2>\n\n\n\n<p class=\"has-small-font-size\">P\u00e9\u010de o zuby a n\u00e1hrady ve specifick\u00fdch situac\u00edch v \u00fastech.<\/p>\n\n\n\n<div class=\"wp-block-buttons is-layout-flex wp-block-buttons-is-layout-flex\">\n<div class=\"wp-block-button\"><a class=\"wp-block-button__link has-small-font-size has-custom-font-size wp-element-button\" href=\"https:\/\/wiki.dentalweb.cz\/?page_id=22\">Otev\u0159\u00edt playlist<\/a><\/div>\n<\/div>\n<\/div>\n\n\n\n<div class=\"wp-block-column is-vertically-aligned-center has-global-padding is-layout-constrained wp-container-core-column-is-layout-398d4ecf wp-block-column-is-layout-constrained\" style=\"flex-basis:200px\">\n<h2 class=\"wp-block-heading has-medium-font-size\"><strong>Estetika a komfort<\/strong><\/h2>\n\n\n\n<p class=\"has-small-font-size\">B\u011blen\u00ed, pigmentace, sucho v \u00fastech a dal\u0161\u00ed \u010dast\u00e1 t\u00e9mata.<\/p>\n\n\n\n<div class=\"wp-block-buttons is-layout-flex wp-block-buttons-is-layout-flex\">\n<div class=\"wp-block-button\"><a class=\"wp-block-button__link has-small-font-size has-custom-font-size wp-element-button\" href=\"https:\/\/wiki.dentalweb.cz\/?page_id=24\"><strong>Otev\u0159\u00edt playlist<\/strong><\/a><\/div>\n<\/div>\n<\/div>\n<\/div>\n\n\n\n<div class=\"wp-block-columns is-layout-flex wp-container-core-columns-is-layout-28f84493 wp-block-columns-is-layout-flex\">\n<div class=\"wp-block-column is-vertically-aligned-center has-global-padding is-layout-constrained wp-container-core-column-is-layout-398d4ecf wp-block-column-is-layout-constrained\" style=\"flex-basis:200px\">\n<h2 class=\"wp-block-heading has-medium-font-size\"><strong>\u017divotn\u00ed situace<\/strong><\/h2>\n\n\n\n<p class=\"has-small-font-size\">T\u011bhotenstv\u00ed, d\u011bti, senio\u0159i, kou\u0159en\u00ed, diabetes a dal\u0161\u00ed situace.<\/p>\n\n\n\n<div class=\"wp-block-buttons is-layout-flex wp-block-buttons-is-layout-flex\">\n<div class=\"wp-block-button\"><a class=\"wp-block-button__link has-small-font-size has-custom-font-size wp-element-button\" href=\"https:\/\/wiki.dentalweb.cz\/?page_id=26\"><strong>Otev\u0159\u00edt playlist<\/strong><\/a><\/div>\n<\/div>\n<\/div>\n\n\n\n<div class=\"wp-block-column is-vertically-aligned-center has-global-padding is-layout-constrained wp-container-core-column-is-layout-398d4ecf wp-block-column-is-layout-constrained\" style=\"flex-basis:200px\">\n<h2 class=\"wp-block-heading has-medium-font-size\"><strong>Medikace a anamn\u00e9za<\/strong><\/h2>\n\n\n\n<p class=\"has-small-font-size\">D\u016fle\u017eit\u00e9 informace o l\u00e9c\u00edch a zdravotn\u00edm stavu p\u0159ed v\u00fdkonem.<\/p>\n\n\n\n<div class=\"wp-block-buttons is-layout-flex wp-block-buttons-is-layout-flex\">\n<div class=\"wp-block-button\"><a class=\"wp-block-button__link has-small-font-size has-custom-font-size wp-element-button\" href=\"https:\/\/wiki.dentalweb.cz\/?page_id=28\"><strong>Otev\u0159\u00edt playlist<\/strong><\/a><\/div>\n<\/div>\n<\/div>\n<\/div>\n\n\n\n<p><\/p>\n","protected":false},"excerpt":{"rendered":"<p>V\u00edtejte ve videot\u00e9ce dent\u00e1ln\u00ed hygieny. Najdete zde stru\u010dn\u00e1 a srozumiteln\u00e1 videa, kter\u00e1 v\u00e1m pomohou l\u00e9pe porozum\u011bt dom\u00e1c\u00ed p\u00e9\u010di, dent\u00e1ln\u00ed hygien\u011b v ordinaci i specifick\u00fdm situac\u00edm v \u00fastech. Vyberte si oblast, kter\u00e1 v\u00e1s pr\u00e1v\u011b zaj\u00edm\u00e1: Z\u00e1klady dom\u00e1c\u00ed p\u00e9\u010de Z\u00e1kladn\u00ed videa pro ka\u017ed\u00e9ho pacienta \u2014 technika \u010di\u0161t\u011bn\u00ed, kaz, d\u00e1sn\u011b a rutina Mezizubn\u00ed hygiena a pom\u016fcky Praktick\u00e1 videa [&hellip;]<\/p>\n","protected":false},"author":1,"featured_media":0,"parent":0,"menu_order":0,"comment_status":"closed","ping_status":"closed","template":"","meta":{"footnotes":""},"class_list":["post-11","page","type-page","status-publish","hentry"],"_links":{"self":[{"href":"https:\/\/wiki.dentalweb.cz\/index.php?rest_route=\/wp\/v2\/pages\/11","targetHints":{"allow":["GET"]}}],"collection":[{"href":"https:\/\/wiki.dentalweb.cz\/index.php?rest_route=\/wp\/v2\/pages"}],"about":[{"href":"https:\/\/wiki.dentalweb.cz\/index.php?rest_route=\/wp\/v2\/types\/page"}],"author":[{"embeddable":true,"href":"https:\/\/wiki.dentalweb.cz\/index.php?rest_route=\/wp\/v2\/users\/1"}],"replies":[{"embeddable":true,"href":"https:\/\/wiki.dentalweb.cz\/index.php?rest_route=%2Fwp%2Fv2%2Fcomments&post=11"}],"version-history":[{"count":8,"href":"https:\/\/wiki.dentalweb.cz\/index.php?rest_route=\/wp\/v2\/pages\/11\/revisions"}],"predecessor-version":[{"id":52,"href":"https:\/\/wiki.dentalweb.cz\/index.php?rest_route=\/wp\/v2\/pages\/11\/revisions\/52"}],"wp:attachment":[{"href":"https:\/\/wiki.dentalweb.cz\/index.php?rest_route=%2Fwp%2Fv2%2Fmedia&parent=11"}],"curies":[{"name":"wp","href":"https:\/\/api.w.org\/{rel}","templated":true}]}}