{"id":16,"date":"2026-03-17T08:28:28","date_gmt":"2026-03-17T08:28:28","guid":{"rendered":"https:\/\/wiki.dentalweb.cz\/?page_id=16"},"modified":"2026-03-17T08:48:06","modified_gmt":"2026-03-17T08:48:06","slug":"mezizubni-hygiena-a-pomucky","status":"publish","type":"page","link":"https:\/\/wiki.dentalweb.cz\/?page_id=16","title":{"rendered":"2. Mezizubn\u00ed hygiena a pom\u016fcky"},"content":{"rendered":"\n<p>Tento playlist se zam\u011b\u0159uje na mezizubn\u00ed p\u00e9\u010di a spr\u00e1vn\u00e9 pou\u017e\u00edv\u00e1n\u00ed pom\u016fcek doma. Pom\u016f\u017ee v\u00e1m pochopit, pro\u010d samotn\u00fd kart\u00e1\u010dek nesta\u010d\u00ed a jak si vybrat vhodn\u00fd postup i pom\u016fcky pro vlastn\u00ed situaci. Videa jsou praktick\u00e1 a zam\u011b\u0159en\u00e1 na techniku bez zbyte\u010dn\u00fdch zmatk\u016f.<\/p>\n\n\n\n<p><strong>Seznam budouc\u00edch vide\u00ed:<\/strong><\/p>\n\n\n\n<ul class=\"wp-block-list\">\n<li>Spr\u00e1vn\u00e1 technika \u010di\u0161t\u011bn\u00ed mezizubn\u00edm kart\u00e1\u010dkem<\/li>\n\n\n\n<li>Spr\u00e1vn\u00e1 technika \u010di\u0161t\u011bn\u00ed zubn\u00ed nit\u00ed<\/li>\n\n\n\n<li>Pro\u010d jsou mezizubn\u00ed prostory kl\u00ed\u010dov\u00e9<\/li>\n\n\n\n<li>Jak vybrat spr\u00e1vnou velikost mezizubn\u00edho kart\u00e1\u010dku<\/li>\n\n\n\n<li>Jak zav\u00e1d\u011bt mezizubn\u00ed kart\u00e1\u010dek bez bolesti<\/li>\n\n\n\n<li>Kdy pou\u017e\u00edt zubn\u00ed nit a kdy mezizubn\u00ed kart\u00e1\u010dek<\/li>\n\n\n\n<li>Jednosvazkov\u00fd kart\u00e1\u010dek: mal\u00fd pomocn\u00edk s velk\u00fdm efektem<\/li>\n\n\n\n<li>Jak \u010distit zadn\u00ed zuby a t\u011b\u017eko dostupn\u00e1 m\u00edsta<\/li>\n\n\n\n<li>\u00dastn\u00ed voda: kdy d\u00e1v\u00e1 smysl a kdy ne<\/li>\n\n\n\n<li>Tablety na obarven\u00ed plaku<\/li>\n\n\n\n<li>Cestovn\u00ed dent\u00e1ln\u00ed hygiena<\/li>\n<\/ul>\n","protected":false},"excerpt":{"rendered":"<p>Tento playlist se zam\u011b\u0159uje na mezizubn\u00ed p\u00e9\u010di a spr\u00e1vn\u00e9 pou\u017e\u00edv\u00e1n\u00ed pom\u016fcek doma. Pom\u016f\u017ee v\u00e1m pochopit, pro\u010d samotn\u00fd kart\u00e1\u010dek nesta\u010d\u00ed a jak si vybrat vhodn\u00fd postup i pom\u016fcky pro vlastn\u00ed situaci. Videa jsou praktick\u00e1 a zam\u011b\u0159en\u00e1 na techniku bez zbyte\u010dn\u00fdch zmatk\u016f. Seznam budouc\u00edch vide\u00ed:<\/p>\n","protected":false},"author":1,"featured_media":0,"parent":11,"menu_order":0,"comment_status":"closed","ping_status":"closed","template":"","meta":{"footnotes":""},"class_list":["post-16","page","type-page","status-publish","hentry"],"_links":{"self":[{"href":"https:\/\/wiki.dentalweb.cz\/index.php?rest_route=\/wp\/v2\/pages\/16","targetHints":{"allow":["GET"]}}],"collection":[{"href":"https:\/\/wiki.dentalweb.cz\/index.php?rest_route=\/wp\/v2\/pages"}],"about":[{"href":"https:\/\/wiki.dentalweb.cz\/index.php?rest_route=\/wp\/v2\/types\/page"}],"author":[{"embeddable":true,"href":"https:\/\/wiki.dentalweb.cz\/index.php?rest_route=\/wp\/v2\/users\/1"}],"replies":[{"embeddable":true,"href":"https:\/\/wiki.dentalweb.cz\/index.php?rest_route=%2Fwp%2Fv2%2Fcomments&post=16"}],"version-history":[{"count":3,"href":"https:\/\/wiki.dentalweb.cz\/index.php?rest_route=\/wp\/v2\/pages\/16\/revisions"}],"predecessor-version":[{"id":40,"href":"https:\/\/wiki.dentalweb.cz\/index.php?rest_route=\/wp\/v2\/pages\/16\/revisions\/40"}],"up":[{"embeddable":true,"href":"https:\/\/wiki.dentalweb.cz\/index.php?rest_route=\/wp\/v2\/pages\/11"}],"wp:attachment":[{"href":"https:\/\/wiki.dentalweb.cz\/index.php?rest_route=%2Fwp%2Fv2%2Fmedia&parent=16"}],"curies":[{"name":"wp","href":"https:\/\/api.w.org\/{rel}","templated":true}]}}