{"id":20,"date":"2026-03-17T08:29:17","date_gmt":"2026-03-17T08:29:17","guid":{"rendered":"https:\/\/wiki.dentalweb.cz\/?page_id=20"},"modified":"2026-03-17T08:48:38","modified_gmt":"2026-03-17T08:48:38","slug":"kazy-zanety-dasni-a-parodontitida","status":"publish","type":"page","link":"https:\/\/wiki.dentalweb.cz\/?page_id=20","title":{"rendered":"4. Kazy, z\u00e1n\u011bty d\u00e1sn\u00ed a parodontitida"},"content":{"rendered":"\n<p>Tento playlist pom\u00e1h\u00e1 pochopit, jak vznikaj\u00ed nej\u010dast\u011bj\u0161\u00ed probl\u00e9my v \u00fastech a co v nich hraje roli doma i v ordinaci. Videa vysv\u011btluj\u00ed rozd\u00edl mezi po\u010d\u00ednaj\u00edc\u00edm probl\u00e9mem a stavem, kter\u00fd u\u017e je pot\u0159eba \u0159e\u0161it odborn\u011b. D\u016fraz je kladen na v\u010dasn\u00e9 rozpozn\u00e1n\u00ed a ka\u017edodenn\u00ed dom\u00e1c\u00ed p\u00e9\u010di.<\/p>\n\n\n\n<p><strong>Seznam budouc\u00edch vide\u00ed:<\/strong><\/p>\n\n\n\n<ul class=\"wp-block-list\">\n<li>Vznik a v\u00fdvoj parodontitidy<\/li>\n\n\n\n<li>L\u00e9\u010dba parodontitidy<\/li>\n\n\n\n<li>Kazy pod d\u00e1sn\u011bmi<\/li>\n\n\n\n<li>Gingivitida: jak ji oto\u010dit v\u010das<\/li>\n\n\n\n<li>Parodontitida: dom\u00e1c\u00ed p\u00e9\u010de mezi kontrolami<\/li>\n\n\n\n<li>Pro\u010d se z\u00e1n\u011bt vrac\u00ed st\u00e1le na stejn\u00e9m m\u00edst\u011b<\/li>\n\n\n\n<li>Varovn\u00e9 sign\u00e1ly, kter\u00e9 neodkl\u00e1dat<\/li>\n<\/ul>\n","protected":false},"excerpt":{"rendered":"<p>Tento playlist pom\u00e1h\u00e1 pochopit, jak vznikaj\u00ed nej\u010dast\u011bj\u0161\u00ed probl\u00e9my v \u00fastech a co v nich hraje roli doma i v ordinaci. Videa vysv\u011btluj\u00ed rozd\u00edl mezi po\u010d\u00ednaj\u00edc\u00edm probl\u00e9mem a stavem, kter\u00fd u\u017e je pot\u0159eba \u0159e\u0161it odborn\u011b. D\u016fraz je kladen na v\u010dasn\u00e9 rozpozn\u00e1n\u00ed a ka\u017edodenn\u00ed dom\u00e1c\u00ed p\u00e9\u010di. Seznam budouc\u00edch vide\u00ed:<\/p>\n","protected":false},"author":1,"featured_media":0,"parent":11,"menu_order":0,"comment_status":"closed","ping_status":"closed","template":"","meta":{"footnotes":""},"class_list":["post-20","page","type-page","status-publish","hentry"],"_links":{"self":[{"href":"https:\/\/wiki.dentalweb.cz\/index.php?rest_route=\/wp\/v2\/pages\/20","targetHints":{"allow":["GET"]}}],"collection":[{"href":"https:\/\/wiki.dentalweb.cz\/index.php?rest_route=\/wp\/v2\/pages"}],"about":[{"href":"https:\/\/wiki.dentalweb.cz\/index.php?rest_route=\/wp\/v2\/types\/page"}],"author":[{"embeddable":true,"href":"https:\/\/wiki.dentalweb.cz\/index.php?rest_route=\/wp\/v2\/users\/1"}],"replies":[{"embeddable":true,"href":"https:\/\/wiki.dentalweb.cz\/index.php?rest_route=%2Fwp%2Fv2%2Fcomments&post=20"}],"version-history":[{"count":3,"href":"https:\/\/wiki.dentalweb.cz\/index.php?rest_route=\/wp\/v2\/pages\/20\/revisions"}],"predecessor-version":[{"id":42,"href":"https:\/\/wiki.dentalweb.cz\/index.php?rest_route=\/wp\/v2\/pages\/20\/revisions\/42"}],"up":[{"embeddable":true,"href":"https:\/\/wiki.dentalweb.cz\/index.php?rest_route=\/wp\/v2\/pages\/11"}],"wp:attachment":[{"href":"https:\/\/wiki.dentalweb.cz\/index.php?rest_route=%2Fwp%2Fv2%2Fmedia&parent=20"}],"curies":[{"name":"wp","href":"https:\/\/api.w.org\/{rel}","templated":true}]}}