{"id":22,"date":"2026-03-17T08:30:07","date_gmt":"2026-03-17T08:30:07","guid":{"rendered":"https:\/\/wiki.dentalweb.cz\/?page_id=22"},"modified":"2026-03-17T08:48:51","modified_gmt":"2026-03-17T08:48:51","slug":"implantaty-korunky-rovnatka-a-dalsi-specificke-situace-v-ustech","status":"publish","type":"page","link":"https:\/\/wiki.dentalweb.cz\/?page_id=22","title":{"rendered":"5. Implant\u00e1ty, korunky, rovn\u00e1tka a dal\u0161\u00ed specifick\u00e9 situace v \u00fastech"},"content":{"rendered":"\n<p>Tento okruh je ur\u010den pacient\u016fm, kte\u0159\u00ed maj\u00ed v \u00fastech specifickou situaci a pot\u0159ebuj\u00ed c\u00edlen\u011bj\u0161\u00ed doporu\u010den\u00ed. Najdete zde t\u00e9mata v\u011bnovan\u00e1 implant\u00e1t\u016fm, korunk\u00e1m, rovn\u00e1tk\u016fm, n\u00e1hrad\u00e1m i dal\u0161\u00edm stav\u016fm, kde se dom\u00e1c\u00ed hygiena trochu li\u0161\u00ed. Videa ukazuj\u00ed, na co si d\u00e1t pozor a jak pe\u010dovat spr\u00e1vn\u011b ka\u017ed\u00fd den.<\/p>\n\n\n\n<p><strong>Seznam budouc\u00edch vide\u00ed:<\/strong><\/p>\n\n\n\n<ul class=\"wp-block-list\">\n<li>Rovn\u00e1tka<\/li>\n\n\n\n<li>Implant\u00e1ty<\/li>\n\n\n\n<li>Korunky<\/li>\n\n\n\n<li>Zubn\u00ed kan\u00e1lky<\/li>\n\n\n\n<li>Mo\u017en\u00e9 komplikace spojen\u00e9 se zuby moudrosti<\/li>\n\n\n\n<li>Jak pe\u010dovat o implant\u00e1t ka\u017ed\u00fd den<\/li>\n\n\n\n<li>Nej\u010dast\u011bj\u0161\u00ed chyby v p\u00e9\u010di o implant\u00e1t<\/li>\n\n\n\n<li>P\u00e9\u010de po zaveden\u00ed implant\u00e1tu<\/li>\n\n\n\n<li>\u010ci\u0161t\u011bn\u00ed kolem korunek a m\u016fstk\u016f<\/li>\n\n\n\n<li>Jak pe\u010dovat o fazety a estetick\u00e9 rekonstrukce<\/li>\n\n\n\n<li>Fixn\u00ed rovn\u00e1tka a dom\u00e1c\u00ed hygiena<\/li>\n\n\n\n<li>Alignery: jak pe\u010dovat o zuby i dlahy<\/li>\n\n\n\n<li>Retainer po rovn\u00e1tk\u00e1ch<\/li>\n\n\n\n<li>\u010ci\u0161t\u011bn\u00ed kolem t\u011bsn\u00fdch kontakt\u016f a v\u00fdpln\u00ed<\/li>\n\n\n\n<li>Sn\u00edmateln\u00e1 n\u00e1hrada: denn\u00ed hygiena bez chyb<\/li>\n\n\n\n<li>Kombinace implant\u00e1t + vlastn\u00ed zuby<\/li>\n<\/ul>\n","protected":false},"excerpt":{"rendered":"<p>Tento okruh je ur\u010den pacient\u016fm, kte\u0159\u00ed maj\u00ed v \u00fastech specifickou situaci a pot\u0159ebuj\u00ed c\u00edlen\u011bj\u0161\u00ed doporu\u010den\u00ed. Najdete zde t\u00e9mata v\u011bnovan\u00e1 implant\u00e1t\u016fm, korunk\u00e1m, rovn\u00e1tk\u016fm, n\u00e1hrad\u00e1m i dal\u0161\u00edm stav\u016fm, kde se dom\u00e1c\u00ed hygiena trochu li\u0161\u00ed. Videa ukazuj\u00ed, na co si d\u00e1t pozor a jak pe\u010dovat spr\u00e1vn\u011b ka\u017ed\u00fd den. Seznam budouc\u00edch vide\u00ed:<\/p>\n","protected":false},"author":1,"featured_media":0,"parent":11,"menu_order":0,"comment_status":"closed","ping_status":"closed","template":"","meta":{"footnotes":""},"class_list":["post-22","page","type-page","status-publish","hentry"],"_links":{"self":[{"href":"https:\/\/wiki.dentalweb.cz\/index.php?rest_route=\/wp\/v2\/pages\/22","targetHints":{"allow":["GET"]}}],"collection":[{"href":"https:\/\/wiki.dentalweb.cz\/index.php?rest_route=\/wp\/v2\/pages"}],"about":[{"href":"https:\/\/wiki.dentalweb.cz\/index.php?rest_route=\/wp\/v2\/types\/page"}],"author":[{"embeddable":true,"href":"https:\/\/wiki.dentalweb.cz\/index.php?rest_route=\/wp\/v2\/users\/1"}],"replies":[{"embeddable":true,"href":"https:\/\/wiki.dentalweb.cz\/index.php?rest_route=%2Fwp%2Fv2%2Fcomments&post=22"}],"version-history":[{"count":3,"href":"https:\/\/wiki.dentalweb.cz\/index.php?rest_route=\/wp\/v2\/pages\/22\/revisions"}],"predecessor-version":[{"id":43,"href":"https:\/\/wiki.dentalweb.cz\/index.php?rest_route=\/wp\/v2\/pages\/22\/revisions\/43"}],"up":[{"embeddable":true,"href":"https:\/\/wiki.dentalweb.cz\/index.php?rest_route=\/wp\/v2\/pages\/11"}],"wp:attachment":[{"href":"https:\/\/wiki.dentalweb.cz\/index.php?rest_route=%2Fwp%2Fv2%2Fmedia&parent=22"}],"curies":[{"name":"wp","href":"https:\/\/api.w.org\/{rel}","templated":true}]}}