{"id":24,"date":"2026-03-17T08:30:47","date_gmt":"2026-03-17T08:30:47","guid":{"rendered":"https:\/\/wiki.dentalweb.cz\/?page_id=24"},"modified":"2026-03-17T10:59:03","modified_gmt":"2026-03-17T10:59:03","slug":"estetika-a-komfort","status":"publish","type":"page","link":"https:\/\/wiki.dentalweb.cz\/?page_id=24","title":{"rendered":"6. Estetika a komfort"},"content":{"rendered":"\n<p>Tento playlist se v\u011bnuje t\u00e9mat\u016fm, kter\u00e1 pacienty \u010dasto zaj\u00edmaj\u00ed z hlediska vzhledu i pohodl\u00ed. Najdete zde videa o b\u011blen\u00ed, pigmentac\u00edch, suchu v \u00fastech nebo citliv\u011bj\u0161\u00edch stavech, kter\u00e9 ovliv\u0148uj\u00ed ka\u017edodenn\u00ed hygienu. C\u00edlem je uk\u00e1zat bezpe\u010dn\u00fd a rozumn\u00fd p\u0159\u00edstup bez zbyte\u010dn\u00fdch extr\u00e9m\u016f.<\/p>\n\n\n\n<p><strong>Seznam budouc\u00edch vide\u00ed:<\/strong><\/p>\n\n\n\n<ul class=\"wp-block-list\">\n<li>Dom\u00e1c\u00ed b\u011blen\u00ed<\/li>\n\n\n\n<li>Jak omezit pigmentace od k\u00e1vy, \u010daje a kou\u0159en\u00ed<\/li>\n\n\n\n<li>Sucho v \u00fastech<\/li>\n\n\n\n<li>Reflux a eroze zub\u016f<\/li>\n\n\n\n<li>Bolestiv\u00e9 d\u00e1sn\u011b, afty nebo nachlazen\u00ed: jak \u010distit i tak<\/li>\n<\/ul>\n","protected":false},"excerpt":{"rendered":"<p>Tento playlist se v\u011bnuje t\u00e9mat\u016fm, kter\u00e1 pacienty \u010dasto zaj\u00edmaj\u00ed z hlediska vzhledu i pohodl\u00ed. Najdete zde videa o b\u011blen\u00ed, pigmentac\u00edch, suchu v \u00fastech nebo citliv\u011bj\u0161\u00edch stavech, kter\u00e9 ovliv\u0148uj\u00ed ka\u017edodenn\u00ed hygienu. C\u00edlem je uk\u00e1zat bezpe\u010dn\u00fd a rozumn\u00fd p\u0159\u00edstup bez zbyte\u010dn\u00fdch extr\u00e9m\u016f. Seznam budouc\u00edch vide\u00ed:<\/p>\n","protected":false},"author":1,"featured_media":0,"parent":11,"menu_order":0,"comment_status":"closed","ping_status":"closed","template":"","meta":{"footnotes":""},"class_list":["post-24","page","type-page","status-publish","hentry"],"_links":{"self":[{"href":"https:\/\/wiki.dentalweb.cz\/index.php?rest_route=\/wp\/v2\/pages\/24","targetHints":{"allow":["GET"]}}],"collection":[{"href":"https:\/\/wiki.dentalweb.cz\/index.php?rest_route=\/wp\/v2\/pages"}],"about":[{"href":"https:\/\/wiki.dentalweb.cz\/index.php?rest_route=\/wp\/v2\/types\/page"}],"author":[{"embeddable":true,"href":"https:\/\/wiki.dentalweb.cz\/index.php?rest_route=\/wp\/v2\/users\/1"}],"replies":[{"embeddable":true,"href":"https:\/\/wiki.dentalweb.cz\/index.php?rest_route=%2Fwp%2Fv2%2Fcomments&post=24"}],"version-history":[{"count":4,"href":"https:\/\/wiki.dentalweb.cz\/index.php?rest_route=\/wp\/v2\/pages\/24\/revisions"}],"predecessor-version":[{"id":53,"href":"https:\/\/wiki.dentalweb.cz\/index.php?rest_route=\/wp\/v2\/pages\/24\/revisions\/53"}],"up":[{"embeddable":true,"href":"https:\/\/wiki.dentalweb.cz\/index.php?rest_route=\/wp\/v2\/pages\/11"}],"wp:attachment":[{"href":"https:\/\/wiki.dentalweb.cz\/index.php?rest_route=%2Fwp%2Fv2%2Fmedia&parent=24"}],"curies":[{"name":"wp","href":"https:\/\/api.w.org\/{rel}","templated":true}]}}