{"id":26,"date":"2026-03-17T08:31:07","date_gmt":"2026-03-17T08:31:07","guid":{"rendered":"https:\/\/wiki.dentalweb.cz\/?page_id=26"},"modified":"2026-03-17T08:49:25","modified_gmt":"2026-03-17T08:49:25","slug":"specificke-zivotni-situace","status":"publish","type":"page","link":"https:\/\/wiki.dentalweb.cz\/?page_id=26","title":{"rendered":"7. Specifick\u00e9 \u017eivotn\u00ed situace"},"content":{"rendered":"\n<p>Tento okruh je ur\u010den pacient\u016fm v konkr\u00e9tn\u00edch \u017eivotn\u00edch obdob\u00edch nebo situac\u00edch, kter\u00e9 mohou ovlivnit stav \u00fast i dom\u00e1c\u00ed p\u00e9\u010di. Videa pom\u00e1haj\u00ed pochopit, pro\u010d se pot\u0159eby hygieny mohou m\u011bnit a jak si p\u00e9\u010di p\u0159izp\u016fsobit jednodu\u0161e a bezpe\u010dn\u011b. Najdete zde t\u00e9mata pro d\u011bti, t\u011bhotn\u00e9, seniory i pacienty s n\u011bkter\u00fdmi celkov\u00fdmi obt\u00ed\u017eemi.<\/p>\n\n\n\n<p><strong>Seznam budouc\u00edch vide\u00ed:<\/strong><\/p>\n\n\n\n<ul class=\"wp-block-list\">\n<li>Motivace d\u011bt\u00ed k \u010di\u0161t\u011bn\u00ed zub\u016f<\/li>\n\n\n\n<li>Dent\u00e1ln\u00ed hygiena v t\u011bhotenstv\u00ed<\/li>\n\n\n\n<li>P\u00e9\u010de o d\u00e1sn\u011b po porodu a p\u0159i kojen\u00ed<\/li>\n\n\n\n<li>Hormon\u00e1ln\u00ed zm\u011bny a krv\u00e1cen\u00ed d\u00e1sn\u00ed<\/li>\n\n\n\n<li>Menopauza a \u00fastn\u00ed komfort<\/li>\n\n\n\n<li>Diabetes a dent\u00e1ln\u00ed hygiena<\/li>\n\n\n\n<li>Kou\u0159en\u00ed a zdrav\u00ed d\u00e1sn\u00ed<\/li>\n\n\n\n<li>Senio\u0159i a dom\u00e1c\u00ed hygiena s omezenou motorikou<\/li>\n<\/ul>\n","protected":false},"excerpt":{"rendered":"<p>Tento okruh je ur\u010den pacient\u016fm v konkr\u00e9tn\u00edch \u017eivotn\u00edch obdob\u00edch nebo situac\u00edch, kter\u00e9 mohou ovlivnit stav \u00fast i dom\u00e1c\u00ed p\u00e9\u010di. Videa pom\u00e1haj\u00ed pochopit, pro\u010d se pot\u0159eby hygieny mohou m\u011bnit a jak si p\u00e9\u010di p\u0159izp\u016fsobit jednodu\u0161e a bezpe\u010dn\u011b. Najdete zde t\u00e9mata pro d\u011bti, t\u011bhotn\u00e9, seniory i pacienty s n\u011bkter\u00fdmi celkov\u00fdmi obt\u00ed\u017eemi. Seznam budouc\u00edch vide\u00ed:<\/p>\n","protected":false},"author":1,"featured_media":0,"parent":11,"menu_order":0,"comment_status":"closed","ping_status":"closed","template":"","meta":{"footnotes":""},"class_list":["post-26","page","type-page","status-publish","hentry"],"_links":{"self":[{"href":"https:\/\/wiki.dentalweb.cz\/index.php?rest_route=\/wp\/v2\/pages\/26","targetHints":{"allow":["GET"]}}],"collection":[{"href":"https:\/\/wiki.dentalweb.cz\/index.php?rest_route=\/wp\/v2\/pages"}],"about":[{"href":"https:\/\/wiki.dentalweb.cz\/index.php?rest_route=\/wp\/v2\/types\/page"}],"author":[{"embeddable":true,"href":"https:\/\/wiki.dentalweb.cz\/index.php?rest_route=\/wp\/v2\/users\/1"}],"replies":[{"embeddable":true,"href":"https:\/\/wiki.dentalweb.cz\/index.php?rest_route=%2Fwp%2Fv2%2Fcomments&post=26"}],"version-history":[{"count":3,"href":"https:\/\/wiki.dentalweb.cz\/index.php?rest_route=\/wp\/v2\/pages\/26\/revisions"}],"predecessor-version":[{"id":45,"href":"https:\/\/wiki.dentalweb.cz\/index.php?rest_route=\/wp\/v2\/pages\/26\/revisions\/45"}],"up":[{"embeddable":true,"href":"https:\/\/wiki.dentalweb.cz\/index.php?rest_route=\/wp\/v2\/pages\/11"}],"wp:attachment":[{"href":"https:\/\/wiki.dentalweb.cz\/index.php?rest_route=%2Fwp%2Fv2%2Fmedia&parent=26"}],"curies":[{"name":"wp","href":"https:\/\/api.w.org\/{rel}","templated":true}]}}