{"id":28,"date":"2026-03-17T08:31:23","date_gmt":"2026-03-17T08:31:23","guid":{"rendered":"https:\/\/wiki.dentalweb.cz\/?page_id=28"},"modified":"2026-03-17T08:50:22","modified_gmt":"2026-03-17T08:50:22","slug":"medikace-anamneza-a-dulezite-informace-pred-vykonem","status":"publish","type":"page","link":"https:\/\/wiki.dentalweb.cz\/?page_id=28","title":{"rendered":"8. Medikace, anamn\u00e9za a d\u016fle\u017eit\u00e9 informace p\u0159ed v\u00fdkonem"},"content":{"rendered":"\n<p>Tento playlist vysv\u011btluje, kter\u00e9 zdravotn\u00ed informace a l\u00e9ky mohou b\u00fdt d\u016fle\u017eit\u00e9 p\u0159ed dent\u00e1ln\u00ed hygienou nebo jin\u00fdm v\u00fdkonem. Pom\u016f\u017ee v\u00e1m l\u00e9pe porozum\u011bt tomu, co je pot\u0159eba hygienistce \u0159\u00edct a pro\u010d n\u011bkter\u00e9 situace vy\u017eaduj\u00ed opatrn\u011bj\u0161\u00ed p\u0159\u00edstup. Videa jsou ur\u010dena hlavn\u011b pacient\u016fm se specifickou anamn\u00e9zou nebo vy\u0161\u0161\u00edm rizikem.<\/p>\n\n\n\n<p><strong>Seznam budouc\u00edch vide\u00ed:<\/strong><\/p>\n\n\n\n<ul class=\"wp-block-list\">\n<li>L\u00e9ky na \u0159ed\u011bn\u00ed krve a krv\u00e1cen\u00ed p\u0159i \u010di\u0161t\u011bn\u00ed<\/li>\n\n\n\n<li>Antibiotick\u00e1 clona: co m\u00e1 pacient hygienistce v\u017edy \u0159\u00edct<\/li>\n\n\n\n<li>Bisfosfon\u00e1ty a dal\u0161\u00ed l\u00e9ky na kost<\/li>\n\n\n\n<li>Imunosuprese nebo kortikoidy a hojen\u00ed v \u00fastech<\/li>\n\n\n\n<li>P\u00e9\u010de po hlubok\u00e9m parodontologick\u00e9m \u010di\u0161t\u011bn\u00ed<\/li>\n\n\n\n<li>P\u00e9\u010de po extrakci zubu: kdy se vr\u00e1tit k hygien\u011b<\/li>\n<\/ul>\n","protected":false},"excerpt":{"rendered":"<p>Tento playlist vysv\u011btluje, kter\u00e9 zdravotn\u00ed informace a l\u00e9ky mohou b\u00fdt d\u016fle\u017eit\u00e9 p\u0159ed dent\u00e1ln\u00ed hygienou nebo jin\u00fdm v\u00fdkonem. Pom\u016f\u017ee v\u00e1m l\u00e9pe porozum\u011bt tomu, co je pot\u0159eba hygienistce \u0159\u00edct a pro\u010d n\u011bkter\u00e9 situace vy\u017eaduj\u00ed opatrn\u011bj\u0161\u00ed p\u0159\u00edstup. Videa jsou ur\u010dena hlavn\u011b pacient\u016fm se specifickou anamn\u00e9zou nebo vy\u0161\u0161\u00edm rizikem. Seznam budouc\u00edch vide\u00ed:<\/p>\n","protected":false},"author":1,"featured_media":0,"parent":11,"menu_order":0,"comment_status":"closed","ping_status":"closed","template":"","meta":{"footnotes":""},"class_list":["post-28","page","type-page","status-publish","hentry"],"_links":{"self":[{"href":"https:\/\/wiki.dentalweb.cz\/index.php?rest_route=\/wp\/v2\/pages\/28","targetHints":{"allow":["GET"]}}],"collection":[{"href":"https:\/\/wiki.dentalweb.cz\/index.php?rest_route=\/wp\/v2\/pages"}],"about":[{"href":"https:\/\/wiki.dentalweb.cz\/index.php?rest_route=\/wp\/v2\/types\/page"}],"author":[{"embeddable":true,"href":"https:\/\/wiki.dentalweb.cz\/index.php?rest_route=\/wp\/v2\/users\/1"}],"replies":[{"embeddable":true,"href":"https:\/\/wiki.dentalweb.cz\/index.php?rest_route=%2Fwp%2Fv2%2Fcomments&post=28"}],"version-history":[{"count":3,"href":"https:\/\/wiki.dentalweb.cz\/index.php?rest_route=\/wp\/v2\/pages\/28\/revisions"}],"predecessor-version":[{"id":46,"href":"https:\/\/wiki.dentalweb.cz\/index.php?rest_route=\/wp\/v2\/pages\/28\/revisions\/46"}],"up":[{"embeddable":true,"href":"https:\/\/wiki.dentalweb.cz\/index.php?rest_route=\/wp\/v2\/pages\/11"}],"wp:attachment":[{"href":"https:\/\/wiki.dentalweb.cz\/index.php?rest_route=%2Fwp%2Fv2%2Fmedia&parent=28"}],"curies":[{"name":"wp","href":"https:\/\/api.w.org\/{rel}","templated":true}]}}